{"id":24,"date":"2021-02-10T10:37:59","date_gmt":"2021-02-10T09:37:59","guid":{"rendered":"http:\/\/annaig-lemeur.bzh\/?page_id=24"},"modified":"2023-04-25T12:35:18","modified_gmt":"2023-04-25T10:35:18","slug":"a-propos-de","status":"publish","type":"page","link":"https:\/\/annaig-lemeur.bzh\/?page_id=24","title":{"rendered":"Mes missions \u00e0 l&#8217;Assembl\u00e9e nationale"},"content":{"rendered":"\n<div class=\"is-layout-flex wp-container-3 wp-block-columns\">\n<div class=\"is-layout-flow wp-block-column\" style=\"flex-basis:66.66%\">\n<p><strong>Commissions<\/strong><br>Vice-pr\u00e9sidente de la Commission des affaires \u00e9conomiques<\/p>\n\n\n\n<p><strong>Whip<\/strong>                                                                                                           Coordinatrice du groupe Renaissance <\/p>\n\n\n\n<p><strong>Groupes d&#8217;\u00e9tudes<\/strong><br>Pr\u00e9sidente du groupe Villes moyennes<br>Membre des groupes Autisme, Gastronomie, Handicap Inclusion, Professions param\u00e9dicales, Sant\u00e9 \u00e0 l&#8217;\u00e9cole<\/p>\n\n\n\n<p><strong>Groupes d&#8217;amiti\u00e9<\/strong><br>Pr\u00e9sidente du groupe France-Koweit<br>Vice-Pr\u00e9sidente des groupes France-Liban, France-Namibie et France-Pakistan<\/p>\n\n\n\n<figure class=\"wp-block-embed is-type-video is-provider-youtube wp-block-embed-youtube wp-embed-aspect-16-9 wp-has-aspect-ratio\"><div class=\"wp-block-embed__wrapper\">\n<iframe loading=\"lazy\" title=\"Bienvenue \u00e0 l&#039;assembl\u00e9e\" width=\"525\" height=\"295\" src=\"https:\/\/www.youtube.com\/embed\/-4t5r8W0kyk?feature=oembed\" frameborder=\"0\" allow=\"accelerometer; autoplay; clipboard-write; encrypted-media; gyroscope; picture-in-picture; web-share\" allowfullscreen><\/iframe>\n<\/div><\/figure>\n<\/div>\n\n\n\n<div class=\"is-layout-flow wp-block-column\" style=\"flex-basis:33.33%\"><div class=\"wp-block-image\">\n<figure class=\"aligncenter size-large is-resized\"><img decoding=\"async\" loading=\"lazy\" src=\"https:\/\/i0.wp.com\/annaig-lemeur.bzh\/wp-content\/uploads\/2021\/02\/assemblee-nationale.jpg?resize=237%2C556\" alt=\"\" class=\"wp-image-276\" width=\"237\" height=\"556\" srcset=\"https:\/\/i0.wp.com\/annaig-lemeur.bzh\/wp-content\/uploads\/2021\/02\/assemblee-nationale-scaled.jpg?resize=436%2C1024&amp;ssl=1 436w, https:\/\/i0.wp.com\/annaig-lemeur.bzh\/wp-content\/uploads\/2021\/02\/assemblee-nationale-scaled.jpg?resize=128%2C300&amp;ssl=1 128w, https:\/\/i0.wp.com\/annaig-lemeur.bzh\/wp-content\/uploads\/2021\/02\/assemblee-nationale-scaled.jpg?resize=768%2C1802&amp;ssl=1 768w, https:\/\/i0.wp.com\/annaig-lemeur.bzh\/wp-content\/uploads\/2021\/02\/assemblee-nationale-scaled.jpg?resize=655%2C1536&amp;ssl=1 655w, https:\/\/i0.wp.com\/annaig-lemeur.bzh\/wp-content\/uploads\/2021\/02\/assemblee-nationale-scaled.jpg?resize=873%2C2048&amp;ssl=1 873w, https:\/\/i0.wp.com\/annaig-lemeur.bzh\/wp-content\/uploads\/2021\/02\/assemblee-nationale-scaled.jpg?w=1091&amp;ssl=1 1091w\" sizes=\"(max-width: 237px) 100vw, 237px\" data-recalc-dims=\"1\" \/><\/figure><\/div><\/div>\n<\/div>\n\n\n\n<hr class=\"wp-block-separator has-css-opacity\"\/>\n\n\n\n<div style=\"height:32px\" aria-hidden=\"true\" class=\"wp-block-spacer\"><\/div>\n\n\n\n<p class=\"has-luminous-vivid-orange-color has-text-color\"><strong>MES INTERVENTIONS<\/strong><\/p>\n\n\n\n<p>Pour consulter toutes mes interventions, dans l&#8217;h\u00e9micycle ou en commission, rendez-vous sur <a href=\"http:\/\/videos.assemblee-nationale.fr\/\" data-type=\"URL\" data-id=\"http:\/\/videos.assemblee-nationale.fr\/\">http:\/\/videos.assemblee-nationale.fr\/<\/a><\/p>\n\n\n\n<div class=\"is-vertical is-layout-flex wp-container-11 wp-block-group\">\n<div class=\"is-layout-flex wp-container-10 wp-block-columns are-vertically-aligned-top\">\n<div class=\"is-layout-flow wp-block-column is-vertically-aligned-top\">\n<div class=\"is-layout-flow wp-block-group\"><div class=\"wp-block-group__inner-container\"><div class=\"wp-block-image is-style-default\">\n<figure class=\"alignleft size-large is-resized\"><img decoding=\"async\" loading=\"lazy\" src=\"https:\/\/i0.wp.com\/annaig-lemeur.bzh\/wp-content\/uploads\/2022\/12\/Capture-decran-2022-12-09-a-14.34.15.png?resize=221%2C122\" alt=\"\" class=\"wp-image-1372\" width=\"221\" height=\"122\" srcset=\"https:\/\/i0.wp.com\/annaig-lemeur.bzh\/wp-content\/uploads\/2022\/12\/Capture-decran-2022-12-09-a-14.34.15.png?resize=1024%2C569&amp;ssl=1 1024w, https:\/\/i0.wp.com\/annaig-lemeur.bzh\/wp-content\/uploads\/2022\/12\/Capture-decran-2022-12-09-a-14.34.15.png?resize=300%2C167&amp;ssl=1 300w, https:\/\/i0.wp.com\/annaig-lemeur.bzh\/wp-content\/uploads\/2022\/12\/Capture-decran-2022-12-09-a-14.34.15.png?resize=768%2C427&amp;ssl=1 768w, https:\/\/i0.wp.com\/annaig-lemeur.bzh\/wp-content\/uploads\/2022\/12\/Capture-decran-2022-12-09-a-14.34.15.png?w=1532&amp;ssl=1 1532w\" sizes=\"(max-width: 221px) 100vw, 221px\" data-recalc-dims=\"1\" \/><figcaption class=\"wp-element-caption\">Mardi 18 octobre 2022 <\/figcaption><\/figure><\/div>\n\n\n<h2 class=\"has-text-align-left has-black-color has-text-color\" style=\"font-size:12px\"><strong>Questions au Gouvernement : <\/strong>Augmentation des factures \u00e9nerg\u00e9tiques pour les TPE et PME. <\/h2>\n\n\n\n<p class=\"has-text-align-left\" style=\"font-size:10px\"><a href=\"https:\/\/videos.assemblee-nationale.fr\/video.12306325_634ea0f490b0f.1ere-seance--questions-au-gouvernement--projet-de-loi-de-finances-pour-2023-premiere-partie-sui-18-octobre-2022?timecode=6209250\" data-type=\"URL\" data-id=\"http:\/\/videos.assemblee-nationale.fr\/video.10241979_60126d29f13b7.1ere-seance--accessibilite-des-personnes-en-situation-de-handicap-aux-magasins-et-aux-centres-comm-28-janvier-2021?timecode=1865600\" target=\"_blank\" rel=\"noreferrer noopener\">Voir l\u2019intervention \u2192<\/a><\/p>\n<\/div><\/div>\n<\/div>\n\n\n\n<div class=\"is-layout-flow wp-block-column is-vertically-aligned-top\">\n<div class=\"is-layout-flow wp-block-group\"><div class=\"wp-block-group__inner-container\"><div class=\"wp-block-image\">\n<figure class=\"alignleft size-large is-resized\"><img decoding=\"async\" loading=\"lazy\" src=\"https:\/\/i0.wp.com\/annaig-lemeur.bzh\/wp-content\/uploads\/2021\/02\/Photo-presidence-commission.png?resize=221%2C122\" alt=\"\" class=\"wp-image-137\" width=\"221\" height=\"122\" srcset=\"https:\/\/i0.wp.com\/annaig-lemeur.bzh\/wp-content\/uploads\/2021\/02\/Photo-presidence-commission.png?w=947&amp;ssl=1 947w, https:\/\/i0.wp.com\/annaig-lemeur.bzh\/wp-content\/uploads\/2021\/02\/Photo-presidence-commission.png?resize=300%2C166&amp;ssl=1 300w, https:\/\/i0.wp.com\/annaig-lemeur.bzh\/wp-content\/uploads\/2021\/02\/Photo-presidence-commission.png?resize=768%2C425&amp;ssl=1 768w\" sizes=\"(max-width: 221px) 100vw, 221px\" data-recalc-dims=\"1\" \/><figcaption class=\"wp-element-caption\">Mercredi 10 f\u00e9vrier 2021<\/figcaption><\/figure><\/div>\n\n\n<h2 class=\"has-text-align-left has-black-color has-text-color\" style=\"font-size:12px\"><strong>Commission des affaires \u00e9conomiques<\/strong> : M. Bruno Le Maire, ministre de l\u2019\u00e9conomie, des finances et de la relance<\/h2>\n\n\n\n<p class=\"has-text-align-left\" style=\"font-size:10px\"><a href=\"#http:\/\/videos.assemblee-nationale.fr\/video.10324637_6024083ab3538.commission-des-affaires-economiques--m-bruno-le-maire-ministre-de-l-economie-des-finances-et-de-10-fevrier-2021?timecode=4571110\" data-type=\"internal\" data-id=\"#http:\/\/videos.assemblee-nationale.fr\/video.10324637_6024083ab3538.commission-des-affaires-economiques--m-bruno-le-maire-ministre-de-l-economie-des-finances-et-de-10-fevrier-2021?timecode=4571110\">Voir l\u2019intervention \u2192<\/a><\/p>\n<\/div><\/div>\n<\/div>\n\n\n\n<div class=\"is-layout-flow wp-block-column is-vertically-aligned-top\">\n<div class=\"is-layout-constrained wp-block-group\"><div class=\"wp-block-group__inner-container\"><div class=\"wp-block-image is-style-default\">\n<figure class=\"alignleft size-large is-resized\"><img decoding=\"async\" loading=\"lazy\" src=\"https:\/\/i0.wp.com\/annaig-lemeur.bzh\/wp-content\/uploads\/2021\/02\/Photo-presidence-commission.png?resize=221%2C122\" alt=\"\" class=\"wp-image-137\" width=\"221\" height=\"122\" srcset=\"https:\/\/i0.wp.com\/annaig-lemeur.bzh\/wp-content\/uploads\/2021\/02\/Photo-presidence-commission.png?w=947&amp;ssl=1 947w, https:\/\/i0.wp.com\/annaig-lemeur.bzh\/wp-content\/uploads\/2021\/02\/Photo-presidence-commission.png?resize=300%2C166&amp;ssl=1 300w, https:\/\/i0.wp.com\/annaig-lemeur.bzh\/wp-content\/uploads\/2021\/02\/Photo-presidence-commission.png?resize=768%2C425&amp;ssl=1 768w\" sizes=\"(max-width: 221px) 100vw, 221px\" data-recalc-dims=\"1\" \/><figcaption class=\"wp-element-caption\"><em>Mercredi 3 f\u00e9vrier 2021<\/em><\/figcaption><\/figure><\/div>\n\n\n<h2 class=\"has-text-align-left has-black-color has-text-color\" style=\"font-size:12px\"><strong>Commission des affaires \u00e9conomiques :<\/strong> Mme Annick Girardin, ministre de la mer, sur l\u2019impact du Brexit sur la p\u00eache<\/h2>\n\n\n\n<p class=\"has-text-align-left\" style=\"font-size:10px\"><a href=\"http:\/\/videos.assemblee-nationale.fr\/video.10276796_601ac2c479499.commission-des-affaires-economiques--mme-annick-girardin-ministre-de-la-mer-sur-l-impact-du-brex-3-fevrier-2021?timecode=1816980\" data-type=\"URL\" data-id=\"http:\/\/videos.assemblee-nationale.fr\/video.10276796_601ac2c479499.commission-des-affaires-economiques--mme-annick-girardin-ministre-de-la-mer-sur-l-impact-du-brex-3-fevrier-2021?timecode=1816980\">Voir l\u2019intervention \u2192<\/a><\/p>\n<\/div><\/div>\n<\/div>\n<\/div>\n<\/div>\n\n\n\n<div class=\"is-vertical is-layout-flex wp-container-17 wp-block-group\">\n<div class=\"is-layout-flex wp-container-16 wp-block-columns are-vertically-aligned-top\">\n<div class=\"is-layout-flow wp-block-column is-vertically-aligned-top\">\n<div class=\"is-layout-flow wp-block-group\"><div class=\"wp-block-group__inner-container\"><div class=\"wp-block-image is-style-default\">\n<figure class=\"alignleft size-large is-resized\"><img decoding=\"async\" loading=\"lazy\" src=\"https:\/\/i0.wp.com\/annaig-lemeur.bzh\/wp-content\/uploads\/2021\/02\/Photo-presidence-commission.png?resize=221%2C122\" alt=\"\" class=\"wp-image-137\" width=\"221\" height=\"122\" srcset=\"https:\/\/i0.wp.com\/annaig-lemeur.bzh\/wp-content\/uploads\/2021\/02\/Photo-presidence-commission.png?w=947&amp;ssl=1 947w, https:\/\/i0.wp.com\/annaig-lemeur.bzh\/wp-content\/uploads\/2021\/02\/Photo-presidence-commission.png?resize=300%2C166&amp;ssl=1 300w, https:\/\/i0.wp.com\/annaig-lemeur.bzh\/wp-content\/uploads\/2021\/02\/Photo-presidence-commission.png?resize=768%2C425&amp;ssl=1 768w\" sizes=\"(max-width: 221px) 100vw, 221px\" data-recalc-dims=\"1\" \/><figcaption class=\"wp-element-caption\"><em>Mercredi 3 f\u00e9vrier 2021<\/em><\/figcaption><\/figure><\/div>\n\n\n<h2 class=\"has-text-align-left has-black-color has-text-color\" style=\"font-size:12px\"><strong>Commission des affaires \u00e9conomiques :<\/strong> Mme Annick Girardin, ministre de la mer, sur l\u2019impact du Brexit sur la p\u00eache<\/h2>\n\n\n\n<p class=\"has-text-align-left\" style=\"font-size:10px\"><a href=\"http:\/\/videos.assemblee-nationale.fr\/video.10276796_601ac2c479499.commission-des-affaires-economiques--mme-annick-girardin-ministre-de-la-mer-sur-l-impact-du-brex-3-fevrier-2021?timecode=1816980\" data-type=\"URL\" data-id=\"http:\/\/videos.assemblee-nationale.fr\/video.10276796_601ac2c479499.commission-des-affaires-economiques--mme-annick-girardin-ministre-de-la-mer-sur-l-impact-du-brex-3-fevrier-2021?timecode=1816980\">Voir l\u2019intervention \u2192<\/a><\/p>\n<\/div><\/div>\n<\/div>\n\n\n\n<div class=\"is-layout-flow wp-block-column is-vertically-aligned-top\">\n<div class=\"is-layout-flow wp-block-group\"><div class=\"wp-block-group__inner-container\"><div class=\"wp-block-image is-style-default\">\n<figure class=\"alignleft size-full is-resized\"><img decoding=\"async\" loading=\"lazy\" src=\"https:\/\/i0.wp.com\/annaig-lemeur.bzh\/wp-content\/uploads\/2022\/12\/AN_187105-1-1024x680-1.jpg?resize=221%2C122\" alt=\"\" class=\"wp-image-1373\" width=\"221\" height=\"122\" data-recalc-dims=\"1\" \/><figcaption class=\"wp-element-caption\">Jeudi 28 janvier 2021 <\/figcaption><\/figure><\/div>\n\n\n<h2 class=\"has-text-align-left has-black-color has-text-color\" style=\"font-size:12px\"><strong><strong>1\u00e8re s\u00e9ance :<\/strong><\/strong>Accessibilit\u00e9 des personnes en situation de handicap aux magasins et aux centres commerciaux<\/h2>\n\n\n\n<p class=\"has-text-align-left\" style=\"font-size:10px\"><a href=\"http:\/\/videos.assemblee-nationale.fr\/video.10241979_60126d29f13b7.1ere-seance--accessibilite-des-personnes-en-situation-de-handicap-aux-magasins-et-aux-centres-comm-28-janvier-2021?timecode=1865600\" data-type=\"URL\" data-id=\"http:\/\/videos.assemblee-nationale.fr\/video.10241979_60126d29f13b7.1ere-seance--accessibilite-des-personnes-en-situation-de-handicap-aux-magasins-et-aux-centres-comm-28-janvier-2021?timecode=1865600\" target=\"_blank\" rel=\"noreferrer noopener\">Voir l\u2019intervention \u2192<\/a><\/p>\n<\/div><\/div>\n<\/div>\n<\/div>\n<\/div>\n\n\n\n<div style=\"height:26px\" aria-hidden=\"true\" class=\"wp-block-spacer\"><\/div>\n\n\n\n<p class=\"has-luminous-vivid-orange-color has-text-color\"><strong><strong>PROPOSITIONS DE LOI<\/strong><\/strong><\/p>\n\n\n\n<p>Les d\u00e9put\u00e9s soumettent des propositions de loi, ou des modifications \u00e0 ces propositions de loi (amendements). Ils peuvent en \u00eatre \u00e0 l&#8217;initiative, ou soutenir un texte en tant que co-signataire.<\/p>\n\n\n\n<p style=\"font-size:15px\">Vous pouvez consulter :<br>&gt; les<strong> propositions de loi <\/strong>que j&#8217;ai port\u00e9es et co-sign\u00e9es sur <a href=\"https:\/\/www2.assemblee-nationale.fr\/deputes\/fiche\/OMC_PA719388\">ma fiche Assembl\u00e9e nationale<\/a>, dans la rubrique &#8220;Propositions (auteur)&#8221; et &#8220;Propositions (co-signataire)&#8221;.<br><br>&gt; la <strong>proposition de loi que j&#8217;ai d\u00e9pos\u00e9e <\/strong>: <a href=\"https:\/\/www.assemblee-nationale.fr\/dyn\/15\/textes\/l15b2421_proposition-loi\">proposition de loi n\u00ba&nbsp;2421 visant \u00e0 mieux prot\u00e9ger les activit\u00e9s sportives, culturelles et touristiques d\u00e9j\u00e0 existantes<\/a><br><br>&gt; les <strong>propositions que j&#8217;ai soutenues en tant que responsable de textes :<\/strong><br>&#8211; <a href=\"https:\/\/www.assemblee-nationale.fr\/dyn\/15\/textes\/l15b1330_proposition-loi\">protection des activit\u00e9s agricoles et des cultures marines en zones littorale et de montagne<\/a><br>&#8211; <a href=\"https:\/\/www.assemblee-nationale.fr\/dyn\/15\/textes\/l15b0779_proposition-loi\">renforcer les droits des consommateurs en mati\u00e8re de d\u00e9marchage t\u00e9l\u00e9phonique<\/a><br>&#8211; <a href=\"https:\/\/www.assemblee-nationale.fr\/dyn\/15\/textes\/l15b3040_proposition-loi\">moratoire sur l\u2019implantation de nouveaux entrep\u00f4ts logistiques destin\u00e9s aux op\u00e9rateurs du commerce en ligne et portant mesures d\u2019urgence pour prot\u00e9ger le commerce de proximit\u00e9 d\u2019une concurrence d\u00e9loyale<\/a><br>&#8211; <a href=\"https:\/\/www.assemblee-nationale.fr\/dyn\/15\/textes\/l15b2212_proposition-loi\">am\u00e9liorer l\u2019accessibilit\u00e9 des personnes atteintes de troubles du spectre de l\u2019autisme dans les magasins de grande distribution<\/a><\/p>\n\n\n\n<p style=\"font-size:15px\"><br>&gt; les<strong> <a href=\"https:\/\/www.assemblee-nationale.fr\/dyn\/15\/amendements?auteur=PA719388&amp;premier_signataire=premier_signataire\">amendements <\/a><\/strong><a href=\"https:\/\/www.assemblee-nationale.fr\/dyn\/15\/amendements?auteur=PA719388&amp;premier_signataire=premier_signataire\">que j&#8217;ai d\u00e9pos\u00e9s<\/a>, ainsi que <a href=\"https:\/\/www.assemblee-nationale.fr\/dyn\/15\/amendements?auteur=PA719388\">ceux que j&#8217;ai soutenus et co-sign\u00e9s<\/a>.<\/p>\n\n\n\n<div style=\"height:33px\" aria-hidden=\"true\" class=\"wp-block-spacer\"><\/div>\n\n\n\n<p class=\"has-luminous-vivid-orange-color has-text-color\"><strong><strong>MES QUESTIONS ECRITES AU GOUVERNEMENT<\/strong><\/strong><\/p>\n\n\n\n<p>En tant que d\u00e9put\u00e9s, nous avons la possibilit\u00e9 de questionner les ministres pour des questions li\u00e9s \u00e0 des probl\u00e9matiques qui touchent les citoyens, sur des sujets ponctuels et des points d\u2019actualit\u00e9.<\/p>\n\n\n\n<p>Vous pouvez consulter toutes mes questions \u00e9crites sur <a href=\"https:\/\/www2.assemblee-nationale.fr\/deputes\/fiche\/OMC_PA719388\" data-type=\"URL\" data-id=\"https:\/\/www2.assemblee-nationale.fr\/deputes\/fiche\/OMC_PA719388\">ma fiche Assembl\u00e9e nationale<\/a>, dans la rubrique &#8220;Actualit\u00e9s&#8221; et &#8220;Questions&#8221;<\/p>\n\n\n\n<div style=\"height:52px\" aria-hidden=\"true\" class=\"wp-block-spacer\"><\/div>\n\n\n\n<p class=\"has-luminous-vivid-orange-color has-text-color\"><strong><strong>MES QUESTIONS ORALES SANS DEBAT<\/strong><\/strong><\/p>\n\n\n\n<p class=\"has-black-color has-text-color\"><a href=\"https:\/\/questions.assemblee-nationale.fr\/q15\/15-154QOSD.htm\">&gt; Attractivit\u00e9 a\u00e9roport de Quimper-Cornouaille<\/a><br>&gt; V\u00e9tust\u00e9 de l&#8217;habitat.<br><\/p>\n\n\n\n<div style=\"height:34px\" aria-hidden=\"true\" class=\"wp-block-spacer\"><\/div>\n\n\n\n<p class=\"has-luminous-vivid-orange-color has-text-color\"><strong><strong>LES RAPPORTS PARLEMENTAIRES<\/strong><\/strong><\/p>\n\n\n\n<p>Il s&#8217;agit d&#8217;une mission confi\u00e9e \u00e0 une Commission pour examiner un texte de loi en vue d&#8217;une discussion en s\u00e9ance publique ou afin de d\u00e9boucher sur un article de loi. Pour chaque rapport est d\u00e9sign\u00e9 un d\u00e9put\u00e9 rapporteur qui aura pour mission d&#8217;\u00e9tudier un projet ou une proposition et de pr\u00e9senter en son nom, en s\u00e9ance publique, ses observations et amendements.<\/p>\n\n\n\n<ul>\n<li><strong>N\u00b0\u00a01083<\/strong> &#8211; <a href=\"https:\/\/www.assemblee-nationale.fr\/dyn\/16\/rapports\/cion-eco\/l16b1083_rapport-information.pdf\" data-type=\"URL\" data-id=\"https:\/\/www.assemblee-nationale.fr\/dyn\/16\/rapports\/cion-eco\/l16b1083_rapport-information.pdf\">Rapport d&#8217;information sur les\u00a0moyens\u00a0de\u00a0faire baisser\u00a0les\u00a0prix\u00a0du\u00a0logement\u00a0en\u00a0zones tendues (hors \u00cele-de-France)<\/a><\/li>\n\n\n\n<li><strong>N\u00b0 2293<\/strong> &#8211; <a href=\"https:\/\/www.assemblee-nationale.fr\/dyn\/15\/rapports\/cion-eco\/l15b2293_rapport-information\">Rapport d&#8217;information de Mme Anna\u00efg Le Meur d\u00e9pos\u00e9 en application de l&#8217;article 145 du r\u00e8glement, par la commission des affaires \u00e9conomiques, en conclusion des travaux d&#8217;une mission d&#8217;information sur la p\u00eache<\/a> (octobre 2019)<\/li>\n\n\n\n<li><strong>N\u00b0 1288 tome V<\/strong> <a href=\"https:\/\/www.assemblee-nationale.fr\/dyn\/15\/rapports\/cion-eco\/l15b1288-tv_rapport-avis\">Coh\u00e9sion des territoires &#8211; Avis de Mme Anna\u00efg Le Meur sur le projet de loi de finances pour 2019 (n\u00b01255)<\/a> (octobre 2018)<\/li>\n\n\n\n<li><strong>N\u00b0 264 tome V<\/strong> <a href=\"https:\/\/www.assemblee-nationale.fr\/dyn\/15\/rapports\/cion-eco\/l15b0264-tv_rapport-avis\">Coh\u00e9sion des territoires &#8211; Avis de Mme Anna\u00efg Le Meur sur le projet de loi de finances pour 2018 (n\u00b0235)<\/a> (octobre 2017)<\/li>\n\n\n\n<li><strong>N\u00b04497 &#8211;<\/strong> <a href=\"https:\/\/www.assemblee-nationale.fr\/dyn\/15\/rapports\/cion-eco\/l15b4497_rapport-information\" data-type=\"URL\" data-id=\"https:\/\/www.assemblee-nationale.fr\/dyn\/15\/rapports\/cion-eco\/l15b4497_rapport-information\">Rapport d&#8217;information de Mme Anna\u00efg Le Meur et Mme Barbara Bessot-Ballot sur l\u2019organisation et les enjeux de la gastronomie et de ses fili\u00e8res<\/a><\/li>\n<\/ul>\n","protected":false},"excerpt":{"rendered":"<p>CommissionsVice-pr\u00e9sidente de la Commission des affaires \u00e9conomiques Whip Coordinatrice du groupe Renaissance Groupes d&#8217;\u00e9tudesPr\u00e9sidente du groupe Villes moyennesMembre des groupes Autisme, Gastronomie, Handicap Inclusion, Professions param\u00e9dicales, Sant\u00e9 \u00e0 l&#8217;\u00e9cole Groupes d&#8217;amiti\u00e9Pr\u00e9sidente du groupe France-KoweitVice-Pr\u00e9sidente des groupes France-Liban, France-Namibie et France-Pakistan MES INTERVENTIONS Pour consulter toutes mes interventions, dans l&#8217;h\u00e9micycle ou en commission, rendez-vous sur http:\/\/videos.assemblee-nationale.fr\/ &hellip; <\/p>\n<p class=\"link-more\"><a href=\"https:\/\/annaig-lemeur.bzh\/?page_id=24\" class=\"more-link\">Continue reading<span class=\"screen-reader-text\"> &#8220;Mes missions \u00e0 l&#8217;Assembl\u00e9e nationale&#8221;<\/span><\/a><\/p>\n","protected":false},"author":1,"featured_media":0,"parent":0,"menu_order":0,"comment_status":"closed","ping_status":"closed","template":"","meta":[],"_links":{"self":[{"href":"https:\/\/annaig-lemeur.bzh\/index.php?rest_route=\/wp\/v2\/pages\/24"}],"collection":[{"href":"https:\/\/annaig-lemeur.bzh\/index.php?rest_route=\/wp\/v2\/pages"}],"about":[{"href":"https:\/\/annaig-lemeur.bzh\/index.php?rest_route=\/wp\/v2\/types\/page"}],"author":[{"embeddable":true,"href":"https:\/\/annaig-lemeur.bzh\/index.php?rest_route=\/wp\/v2\/users\/1"}],"replies":[{"embeddable":true,"href":"https:\/\/annaig-lemeur.bzh\/index.php?rest_route=%2Fwp%2Fv2%2Fcomments&post=24"}],"version-history":[{"count":39,"href":"https:\/\/annaig-lemeur.bzh\/index.php?rest_route=\/wp\/v2\/pages\/24\/revisions"}],"predecessor-version":[{"id":1431,"href":"https:\/\/annaig-lemeur.bzh\/index.php?rest_route=\/wp\/v2\/pages\/24\/revisions\/1431"}],"wp:attachment":[{"href":"https:\/\/annaig-lemeur.bzh\/index.php?rest_route=%2Fwp%2Fv2%2Fmedia&parent=24"}],"curies":[{"name":"wp","href":"https:\/\/api.w.org\/{rel}","templated":true}]}}