{"id":206,"date":"2021-02-11T18:31:39","date_gmt":"2021-02-11T17:31:39","guid":{"rendered":"http:\/\/annaig-lemeur.bzh\/?page_id=206"},"modified":"2021-04-12T10:50:29","modified_gmt":"2021-04-12T08:50:29","slug":"mon-engagement","status":"publish","type":"page","link":"https:\/\/annaig-lemeur.bzh\/?page_id=206","title":{"rendered":"Mon engagement"},"content":{"rendered":"\n<p>Il est toujours difficile de se d\u00e9crire en quelques lignes car je pense que les individus sont toujours en interactions et de ce fait \u00e9voluent et changent pour \u00eatre en devenir. Mais je me pr\u00eate volontiers au jeu du regard dans le r\u00e9tro pour vous permettre de mieux me conna\u00eetre.<\/p>\n\n\n\n<p>Je fus une enfant curieuse, sportive du nord Finist\u00e8re qui en grandissant \u00e0 su garder cet esprit du collectif et cette avidit\u00e9 face aux savoirs et \u00e0 la compr\u00e9hension du monde.<\/p>\n\n\n\n<p>J\u2019ai pu exercer le m\u00e9tier de masseur-kin\u00e9sith\u00e9rapeute en tant que fonctionnaire, salari\u00e9e de mutuelle, salari\u00e9e du priv\u00e9e, profession lib\u00e9rale, mais ce qui importait ce sont les personnes rencontr\u00e9es et les savoirs acquis plus que les statuts.<\/p>\n\n\n\n<p>Ces savoirs j\u2019ai eu \u00e0 c\u0153ur de les d\u00e9velopper en devenant experte en r\u00e9\u00e9ducation de la main, en participant \u00e0 des groupes de recherche, avec cette envie de transmettre.<\/p>\n\n\n\n<p>Toujours former, se former et \u00eatre en formation pour nourrir cette curiosit\u00e9 et \u00e9veiller, ou nourrir, celle d\u2019autrui. J\u2019aime apprendre et appr\u00e9cie les bancs de fac pour la diversit\u00e9 des rencontres et la richesse des savoirs.<\/p>\n\n\n\n<p>Toujours innover, cr\u00e9er, exp\u00e9rimenter, s\u2019engager. Dans cette dynamique je fus chef d\u2019entreprise en orthop\u00e9die en parall\u00e8le ou en compl\u00e9ment de mon activit\u00e9 de masseur-kin\u00e9sith\u00e9rapeute.<\/p>\n\n\n\n<p>Une fois la situation professionnelle et familiale pos\u00e9es, l\u2019engagement fut pour moi un besoin, une \u00e9vidence, un h\u00e9ritage familial. D\u2019abord engag\u00e9e aupr\u00e8s de mes enfants dans le sport et la vie scolaire, je suis par la suite \u00e9lue au conseil de l\u2019ordre des masseurs-kin\u00e9sith\u00e9rapeutes, un avant-go\u00fbt de mon engagement politique&#8230;<\/p>\n\n\n\n<p>Je pense que les femmes et hommes politiques ont ancr\u00e9 en eux cet altruisme, cet conscience de l\u2019alt\u00e9rit\u00e9, cette envie de changement, cette capacit\u00e9 d\u2019\u00e9coute, cette volont\u00e9 de faire,&#8230; souvent le terme \u00ab vous les politiques \u00bb me d\u00e9pla\u00eet car il occulte ce que nous sommes nous mettant tous dans un grand sac sans distinction et en ignorant nos identit\u00e9s profondes, nos parcours, nos envies&#8230; Je me suis engag\u00e9e car justement avec En Marche, c\u2019\u00e9tait la promesse de la reconnaissance de nos parcours, de nos acquis, de nos savoirs, nous pouvions faire ce qu\u2019en sciences de l\u2019\u00e9ducation j\u2019appelle du n\u00e9o-socio-constructivisme, construire un avenir \u00e0 partir des connaissances, comp\u00e9tences des citoyens.<\/p>\n\n\n\n<p>Je me suis donc engag\u00e9e d\u00e8s 2016 aupr\u00e8s d\u2019Emmanuel Macron en appr\u00e9ciant notamment cette volont\u00e9 de d\u00e9passer les \u00e9tiquettes et clivages politiques pour apporter du pragmatisme et du bon sens.<\/p>\n\n\n\n<p>La fonction de d\u00e9put\u00e9e m\u2019oblige \u00e0 tout moment \u00e0 consid\u00e9rer l\u2019\u00e9quilibre entre l\u2019envie et le possible. A \u00e9loigner parfois les fausses bonnes id\u00e9es au regard des auditions, des d\u00e9bats, des discussions et \u00e0 reconsid\u00e9rer aussi mes positions face aux argumentaires nourris de notre Assembl\u00e9e. J\u2019interroge, j\u2019\u00e9value, les besoins et attentes de nos territoires.<\/p>\n\n\n\n<figure class=\"is-layout-flex wp-block-gallery-1 wp-block-gallery columns-2 is-cropped\"><ul class=\"blocks-gallery-grid\"><li class=\"blocks-gallery-item\"><figure><img decoding=\"async\" loading=\"lazy\" width=\"525\" height=\"394\" src=\"https:\/\/i0.wp.com\/annaig-lemeur.bzh\/wp-content\/uploads\/2021\/03\/peche_mars19_1.jpg?resize=525%2C394\" alt=\"\" data-id=\"772\" data-full-url=\"http:\/\/annaig-lemeur.bzh\/wp-content\/uploads\/2021\/03\/peche_mars19_1.jpg\" data-link=\"http:\/\/annaig-lemeur.bzh\/?attachment_id=772\" class=\"wp-image-772\" srcset=\"https:\/\/i0.wp.com\/annaig-lemeur.bzh\/wp-content\/uploads\/2021\/03\/peche_mars19_1.jpg?resize=1024%2C768&amp;ssl=1 1024w, https:\/\/i0.wp.com\/annaig-lemeur.bzh\/wp-content\/uploads\/2021\/03\/peche_mars19_1.jpg?resize=300%2C225&amp;ssl=1 300w, https:\/\/i0.wp.com\/annaig-lemeur.bzh\/wp-content\/uploads\/2021\/03\/peche_mars19_1.jpg?resize=768%2C576&amp;ssl=1 768w, https:\/\/i0.wp.com\/annaig-lemeur.bzh\/wp-content\/uploads\/2021\/03\/peche_mars19_1.jpg?w=1280&amp;ssl=1 1280w\" sizes=\"(max-width: 767px) 89vw, (max-width: 1000px) 54vw, (max-width: 1071px) 543px, 580px\" data-recalc-dims=\"1\" \/><\/figure><\/li><li class=\"blocks-gallery-item\"><figure><img decoding=\"async\" loading=\"lazy\" width=\"525\" height=\"295\" src=\"https:\/\/i0.wp.com\/annaig-lemeur.bzh\/wp-content\/uploads\/2021\/02\/Parlement_enfants3.jpg?resize=525%2C295\" alt=\"\" data-id=\"527\" data-full-url=\"http:\/\/annaig-lemeur.bzh\/wp-content\/uploads\/2021\/02\/Parlement_enfants3.jpg\" data-link=\"http:\/\/annaig-lemeur.bzh\/?attachment_id=527\" class=\"wp-image-527\" srcset=\"https:\/\/i0.wp.com\/annaig-lemeur.bzh\/wp-content\/uploads\/2021\/02\/Parlement_enfants3.jpg?resize=1024%2C576&amp;ssl=1 1024w, https:\/\/i0.wp.com\/annaig-lemeur.bzh\/wp-content\/uploads\/2021\/02\/Parlement_enfants3.jpg?resize=300%2C169&amp;ssl=1 300w, https:\/\/i0.wp.com\/annaig-lemeur.bzh\/wp-content\/uploads\/2021\/02\/Parlement_enfants3.jpg?resize=768%2C432&amp;ssl=1 768w, https:\/\/i0.wp.com\/annaig-lemeur.bzh\/wp-content\/uploads\/2021\/02\/Parlement_enfants3.jpg?resize=1536%2C864&amp;ssl=1 1536w, https:\/\/i0.wp.com\/annaig-lemeur.bzh\/wp-content\/uploads\/2021\/02\/Parlement_enfants3.jpg?w=2040&amp;ssl=1 2040w\" sizes=\"(max-width: 767px) 89vw, (max-width: 1000px) 54vw, (max-width: 1071px) 543px, 580px\" data-recalc-dims=\"1\" \/><\/figure><\/li><\/ul><\/figure>\n","protected":false},"excerpt":{"rendered":"<p>Il est toujours difficile de se d\u00e9crire en quelques lignes car je pense que les individus sont toujours en interactions et de ce fait \u00e9voluent et changent pour \u00eatre en devenir. Mais je me pr\u00eate volontiers au jeu du regard dans le r\u00e9tro pour vous permettre de mieux me conna\u00eetre. Je fus une enfant curieuse, &hellip; <\/p>\n<p class=\"link-more\"><a href=\"https:\/\/annaig-lemeur.bzh\/?page_id=206\" class=\"more-link\">Continue reading<span class=\"screen-reader-text\"> &#8220;Mon engagement&#8221;<\/span><\/a><\/p>\n","protected":false},"author":1,"featured_media":0,"parent":0,"menu_order":0,"comment_status":"closed","ping_status":"closed","template":"","meta":[],"_links":{"self":[{"href":"https:\/\/annaig-lemeur.bzh\/index.php?rest_route=\/wp\/v2\/pages\/206"}],"collection":[{"href":"https:\/\/annaig-lemeur.bzh\/index.php?rest_route=\/wp\/v2\/pages"}],"about":[{"href":"https:\/\/annaig-lemeur.bzh\/index.php?rest_route=\/wp\/v2\/types\/page"}],"author":[{"embeddable":true,"href":"https:\/\/annaig-lemeur.bzh\/index.php?rest_route=\/wp\/v2\/users\/1"}],"replies":[{"embeddable":true,"href":"https:\/\/annaig-lemeur.bzh\/index.php?rest_route=%2Fwp%2Fv2%2Fcomments&post=206"}],"version-history":[{"count":12,"href":"https:\/\/annaig-lemeur.bzh\/index.php?rest_route=\/wp\/v2\/pages\/206\/revisions"}],"predecessor-version":[{"id":911,"href":"https:\/\/annaig-lemeur.bzh\/index.php?rest_route=\/wp\/v2\/pages\/206\/revisions\/911"}],"wp:attachment":[{"href":"https:\/\/annaig-lemeur.bzh\/index.php?rest_route=%2Fwp%2Fv2%2Fmedia&parent=206"}],"curies":[{"name":"wp","href":"https:\/\/api.w.org\/{rel}","templated":true}]}}