{"id":2,"date":"2021-02-10T10:26:20","date_gmt":"2021-02-10T09:26:20","guid":{"rendered":"http:\/\/annaig-lemeur.bzh\/?page_id=2"},"modified":"2023-04-25T11:28:55","modified_gmt":"2023-04-25T09:28:55","slug":"page-d-exemple","status":"publish","type":"page","link":"https:\/\/annaig-lemeur.bzh\/?page_id=2","title":{"rendered":"Sur le terrain"},"content":{"rendered":"\n<div class=\"is-layout-flex wp-container-6 wp-block-columns\">\n<div class=\"is-layout-flow wp-block-column\" style=\"flex-basis:66.66%\">\n<figure class=\"is-layout-flex wp-block-gallery-1 wp-block-gallery alignleft has-nested-images columns-default is-cropped\">\n<figure class=\"wp-block-image size-full\"><img decoding=\"async\" src=\"https:\/\/i0.wp.com\/annaig-lemeur.bzh\/wp-content\/uploads\/2023\/04\/MAP-SITE-WEB-CIRCO.jpg?w=525\" alt=\"\" class=\"wp-image-1379\" data-recalc-dims=\"1\"\/><\/figure>\n<figcaption class=\"blocks-gallery-caption wp-element-caption\">B\u00e9nodet \/ Briec \/ Clohars-Fouesnant \/ Edern<br>Ergu\u00e9-Gab\u00e9ric \/ Fouesnant \/ Gouesnach<br>La For\u00eat-Fouesnant \/ Landr\u00e9varzec<br>Landudal \/ Langolen \/ Pleuven \/ Plomelin<br>Pluguffan \/ Quimper \/ Saint-Evarzec<\/figcaption><\/figure>\n\n\n\n<p><\/p>\n\n\n\n<p><\/p>\n\n\n\n<h2><strong>Derni\u00e8res actualit\u00e9s.<\/strong><\/h2>\n\n\n<ul class=\"wp-block-latest-posts__list wp-block-latest-posts\"><li><a class=\"wp-block-latest-posts__post-title\" href=\"https:\/\/annaig-lemeur.bzh\/?p=1521\">COMMUNIQU\u00c9 DE PRESSE : Proposition de loi pour rem\u00e9dier aux d\u00e9s\u00e9quilibres du march\u00e9 locatif.<\/a><\/li>\n<li><a class=\"wp-block-latest-posts__post-title\" href=\"https:\/\/annaig-lemeur.bzh\/?p=1510\">S\u00e9minaire de la Fondation Abb\u00e9 Pierre<\/a><\/li>\n<li><a class=\"wp-block-latest-posts__post-title\" href=\"https:\/\/annaig-lemeur.bzh\/?p=1506\">Ouest France \u00ab\u00a0Les Finist\u00e9riens me disent qu\u2019ils n\u2019ont pas envie de vivre dans un village vacances. Ils veulent des voisins, pas des touristes qui changent toutes les semaines\u00a0\u00bb.<\/a><\/li>\n<li><a class=\"wp-block-latest-posts__post-title\" href=\"https:\/\/annaig-lemeur.bzh\/?p=1502\">Interview &#8220;Airbnb :  l&#8217;enfer pour les voisins&#8221; sur Les Grandes Gueules sur RMC Story.<\/a><\/li>\n<li><a class=\"wp-block-latest-posts__post-title\" href=\"https:\/\/annaig-lemeur.bzh\/?p=1499\">Interview \u00ab\u00a0locations saisonni\u00e8res\u00a0\u00bb sur France Inter<\/a><\/li>\n<\/ul>\n\n\n<hr class=\"wp-block-separator has-css-opacity\"\/>\n\n\n\n<h2><strong>Barom\u00e8tre de l&#8217;action publique :<\/strong> <br>des mesures qui changent votre quotidien<\/h2>\n\n\n\n<figure class=\"wp-block-image size-large\"><a href=\"https:\/\/www.gouvernement.fr\/les-actions-du-gouvernement\/resultats?dep=29\"><img decoding=\"async\" loading=\"lazy\" width=\"525\" height=\"235\" src=\"https:\/\/i0.wp.com\/annaig-lemeur.bzh\/wp-content\/uploads\/2021\/02\/barometre-action-publique.png?resize=525%2C235\" alt=\"\" class=\"wp-image-273\" srcset=\"https:\/\/i0.wp.com\/annaig-lemeur.bzh\/wp-content\/uploads\/2021\/02\/barometre-action-publique.png?w=960&amp;ssl=1 960w, https:\/\/i0.wp.com\/annaig-lemeur.bzh\/wp-content\/uploads\/2021\/02\/barometre-action-publique.png?resize=300%2C134&amp;ssl=1 300w, https:\/\/i0.wp.com\/annaig-lemeur.bzh\/wp-content\/uploads\/2021\/02\/barometre-action-publique.png?resize=768%2C344&amp;ssl=1 768w\" sizes=\"(max-width: 767px) 89vw, (max-width: 1000px) 54vw, (max-width: 1071px) 543px, 580px\" data-recalc-dims=\"1\" \/><\/a><\/figure>\n\n\n\n<hr class=\"wp-block-separator has-css-opacity\"\/>\n\n\n\n<p style=\"font-size:14px\"><strong>Bilan de mandat :<\/strong> <strong>5 ans au service du territoire.<\/strong><br>En juin 2017, vous m\u2019avez \u00e9lue d\u00e9put\u00e9e de la 1\u00e8re circonscription du Finist\u00e8re. Quatre ann\u00e9es pass\u00e9es activement au service de notre territoire, pour d\u00e9fendre vos int\u00e9r\u00eats et ceux de la Nation. Quatre ann\u00e9es d\u2019engagements dont je souhaite vous rendre compte ici, \u00e0 travers ce bilan synth\u00e9tique.<\/p>\n\n\n\n<figure class=\"wp-block-image size-large is-resized\"><a href=\"http:\/\/annaig-lemeur.bzh\/wp-content\/uploads\/2021\/11\/Bilan_Mandat_ALeMeur_octobre2021-1.pdf\"><img decoding=\"async\" loading=\"lazy\" src=\"https:\/\/i0.wp.com\/annaig-lemeur.bzh\/wp-content\/uploads\/2021\/11\/Couv_Bilan_mandat_oct2021-3.jpg?resize=214%2C305\" alt=\"\" class=\"wp-image-1207\" width=\"214\" height=\"305\" srcset=\"https:\/\/i0.wp.com\/annaig-lemeur.bzh\/wp-content\/uploads\/2021\/11\/Couv_Bilan_mandat_oct2021-3.jpg?w=585&amp;ssl=1 585w, https:\/\/i0.wp.com\/annaig-lemeur.bzh\/wp-content\/uploads\/2021\/11\/Couv_Bilan_mandat_oct2021-3.jpg?resize=210%2C300&amp;ssl=1 210w\" sizes=\"(max-width: 214px) 100vw, 214px\" data-recalc-dims=\"1\" \/><\/a><figcaption class=\"wp-element-caption\">T<a href=\"http:\/\/annaig-lemeur.bzh\/wp-content\/uploads\/2021\/11\/Bilan_Mandat_ALeMeur_octobre2021-1.pdf\" data-type=\"URL\" data-id=\"http:\/\/annaig-lemeur.bzh\/wp-content\/uploads\/2021\/11\/Bilan_Mandat_ALeMeur_octobre2021-1.pdf\" target=\"_blank\" rel=\"noreferrer noopener\">\u00e9l\u00e9chargez mon bilan de mandat en cliquant ici.<\/a><\/figcaption><\/figure>\n<\/div>\n\n\n\n<div class=\"is-layout-flow wp-block-column\" style=\"flex-basis:33.33%\">\n<h2><\/h2>\n\n\n<form role=\"search\" method=\"get\" action=\"https:\/\/annaig-lemeur.bzh\/\" class=\"wp-block-search__button-outside wp-block-search__text-button wp-block-search\"><label for=\"wp-block-search__input-4\" class=\"wp-block-search__label\" >Rechercher<\/label><div class=\"wp-block-search__inside-wrapper \"  style=\"width: 220px\"><input type=\"search\" id=\"wp-block-search__input-4\" class=\"wp-block-search__input wp-block-search__input\" name=\"s\" value=\"\" placeholder=\"\"  required \/><button type=\"submit\" class=\"wp-block-search__button wp-element-button\"  >Rechercher<\/button><\/div><\/form>\n\n\n<hr class=\"wp-block-separator has-css-opacity\"\/>\n\n\n\n<div style=\"height:38px\" aria-hidden=\"true\" class=\"wp-block-spacer\"><\/div>\n\n\n\n<figure class=\"wp-block-embed is-type-rich is-provider-twitter wp-block-embed-twitter\"><div class=\"wp-block-embed__wrapper\">\nhttps:\/\/twitter.com\/AnnaigLeMeur_AN\n<\/div><\/figure>\n<\/div>\n<\/div>\n\n\n\n<p><\/p>\n","protected":false},"excerpt":{"rendered":"<p>Derni\u00e8res actualit\u00e9s. Barom\u00e8tre de l&#8217;action publique : des mesures qui changent votre quotidien Bilan de mandat : 5 ans au service du territoire.En juin 2017, vous m\u2019avez \u00e9lue d\u00e9put\u00e9e de la 1\u00e8re circonscription du Finist\u00e8re. Quatre ann\u00e9es pass\u00e9es activement au service de notre territoire, pour d\u00e9fendre vos int\u00e9r\u00eats et ceux de la Nation. Quatre ann\u00e9es &hellip; <\/p>\n<p class=\"link-more\"><a href=\"https:\/\/annaig-lemeur.bzh\/?page_id=2\" class=\"more-link\">Continue reading<span class=\"screen-reader-text\"> &#8220;Sur le terrain&#8221;<\/span><\/a><\/p>\n","protected":false},"author":1,"featured_media":0,"parent":0,"menu_order":0,"comment_status":"closed","ping_status":"open","template":"","meta":[],"_links":{"self":[{"href":"https:\/\/annaig-lemeur.bzh\/index.php?rest_route=\/wp\/v2\/pages\/2"}],"collection":[{"href":"https:\/\/annaig-lemeur.bzh\/index.php?rest_route=\/wp\/v2\/pages"}],"about":[{"href":"https:\/\/annaig-lemeur.bzh\/index.php?rest_route=\/wp\/v2\/types\/page"}],"author":[{"embeddable":true,"href":"https:\/\/annaig-lemeur.bzh\/index.php?rest_route=\/wp\/v2\/users\/1"}],"replies":[{"embeddable":true,"href":"https:\/\/annaig-lemeur.bzh\/index.php?rest_route=%2Fwp%2Fv2%2Fcomments&post=2"}],"version-history":[{"count":24,"href":"https:\/\/annaig-lemeur.bzh\/index.php?rest_route=\/wp\/v2\/pages\/2\/revisions"}],"predecessor-version":[{"id":1392,"href":"https:\/\/annaig-lemeur.bzh\/index.php?rest_route=\/wp\/v2\/pages\/2\/revisions\/1392"}],"wp:attachment":[{"href":"https:\/\/annaig-lemeur.bzh\/index.php?rest_route=%2Fwp%2Fv2%2Fmedia&parent=2"}],"curies":[{"name":"wp","href":"https:\/\/api.w.org\/{rel}","templated":true}]}}