{"id":192,"date":"2021-02-11T17:52:01","date_gmt":"2021-02-11T16:52:01","guid":{"rendered":"http:\/\/annaig-lemeur.bzh\/?page_id=192"},"modified":"2023-04-25T11:15:21","modified_gmt":"2023-04-25T09:15:21","slug":"actualites","status":"publish","type":"page","link":"https:\/\/annaig-lemeur.bzh\/","title":{"rendered":"Bienvenue !"},"content":{"rendered":"\n<p>Retrouvez toutes mes actions et mes engagements pour la <strong>1\u00e8re circonscription du Finist\u00e8re et ses habitants<\/strong>.<\/p>\n\n\n\n<div class=\"is-layout-flex wp-container-6 wp-block-columns\">\n<div class=\"is-layout-flow wp-block-column\" style=\"flex-basis:66.66%\">\n<figure class=\"wp-block-image size-full\"><img decoding=\"async\" src=\"https:\/\/i0.wp.com\/annaig-lemeur.bzh\/wp-content\/uploads\/2023\/04\/MAP-SITE-WEB-CIRCO.jpg?w=525\" alt=\"\" class=\"wp-image-1379\" data-recalc-dims=\"1\"\/><\/figure>\n<\/div>\n\n\n\n<div class=\"is-layout-flow wp-block-column\" style=\"flex-basis:33.33%\">\n<div class=\"is-layout-flex wp-container-4 wp-block-columns\">\n<div class=\"is-layout-flow wp-block-column\">\n<p class=\"has-cyan-bluish-gray-color has-text-color\" style=\"font-size:11px\"><br><br>B\u00e9nodet<br>Briec<br>Clohars-Fouesnant<br>Edern<br>Ergu\u00e9-Gab\u00e9ric<br>Fouesnant<br>Gouesnach<br>La For\u00eat-Fouesnant<\/p>\n<\/div>\n\n\n\n<div class=\"is-layout-flow wp-block-column\">\n<p class=\"has-cyan-bluish-gray-color has-text-color\" style=\"font-size:11px\"><br><br>Landr\u00e9varzec<br>Landudal<br>Langolen<br>Pleuven<br>Plomelin<br>Pluguffan<br>Quimper<br>Saint-Evarzec<\/p>\n<\/div>\n<\/div>\n<\/div>\n<\/div>\n","protected":false},"excerpt":{"rendered":"<p>Retrouvez toutes mes actions et mes engagements pour la 1\u00e8re circonscription du Finist\u00e8re et ses habitants. B\u00e9nodetBriecClohars-FouesnantEdernErgu\u00e9-Gab\u00e9ricFouesnantGouesnachLa For\u00eat-Fouesnant Landr\u00e9varzecLandudalLangolenPleuvenPlomelinPluguffanQuimperSaint-Evarzec<\/p>\n","protected":false},"author":1,"featured_media":0,"parent":0,"menu_order":0,"comment_status":"closed","ping_status":"closed","template":"","meta":[],"_links":{"self":[{"href":"https:\/\/annaig-lemeur.bzh\/index.php?rest_route=\/wp\/v2\/pages\/192"}],"collection":[{"href":"https:\/\/annaig-lemeur.bzh\/index.php?rest_route=\/wp\/v2\/pages"}],"about":[{"href":"https:\/\/annaig-lemeur.bzh\/index.php?rest_route=\/wp\/v2\/types\/page"}],"author":[{"embeddable":true,"href":"https:\/\/annaig-lemeur.bzh\/index.php?rest_route=\/wp\/v2\/users\/1"}],"replies":[{"embeddable":true,"href":"https:\/\/annaig-lemeur.bzh\/index.php?rest_route=%2Fwp%2Fv2%2Fcomments&post=192"}],"version-history":[{"count":24,"href":"https:\/\/annaig-lemeur.bzh\/index.php?rest_route=\/wp\/v2\/pages\/192\/revisions"}],"predecessor-version":[{"id":1388,"href":"https:\/\/annaig-lemeur.bzh\/index.php?rest_route=\/wp\/v2\/pages\/192\/revisions\/1388"}],"wp:attachment":[{"href":"https:\/\/annaig-lemeur.bzh\/index.php?rest_route=%2Fwp%2Fv2%2Fmedia&parent=192"}],"curies":[{"name":"wp","href":"https:\/\/api.w.org\/{rel}","templated":true}]}}